{"id":8496,"date":"2022-05-04T16:45:30","date_gmt":"2022-05-04T16:45:30","guid":{"rendered":"https:\/\/isfell.is\/longline-and-gill-net-fishing\/"},"modified":"2023-03-21T09:32:53","modified_gmt":"2023-03-21T09:32:53","slug":"longline-and-gill-net-fishing","status":"publish","type":"page","link":"https:\/\/isfell.is\/en\/longline-and-gill-net-fishing\/","title":{"rendered":"Longline, gill net and jig fishing"},"content":{"rendered":"\n<p>\u00cdsfell is at the forefront of companies that provide fishing equipment for longline, gill net, and jig fishing. \u00cdsfell does not only offer a wide range of fishing equipment but also specializes in various support supplies that contribute to fishing being as effective and efficient as possible.<\/p>\n\n\n\n<p class=\"has-isfell-red-color has-text-color\"><strong>\u00cdsfell offers outstanding service and a wide range of fishing equipment<\/strong>.<\/p>\n\n\n\n<ul class=\"wp-block-list\">\n<li>A wide variety of bate. <\/li>\n\n\n\n<li>A mono- and multi mono gill net suitable for the fishing of cod, haddock, halibut, lump fish and monk fish.<\/li>\n\n\n\n<li>Rigging and trimmings of gill nets.<\/li>\n\n\n\n<li>Net clearer and holder. Available for single and twin motors. <\/li>\n\n\n\n<li>Combination ropes from Selstad in Norway.<\/li>\n\n\n\n<li>Spare parts for longline fishing available in stock.<\/li>\n\n\n\n<li>Wide range of led line rope, float lines rope and gill net.<\/li>\n<\/ul>\n\n\n\n<p class=\"has-isfell-red-color has-text-color has-normal-font-size\"><strong><a rel=\"noreferrer noopener\" href=\"https:\/\/isfell.is\/wp-content\/uploads\/2022\/12\/Handfaeralisti.pdf\" target=\"_blank\"><mark style=\"background-color:rgba(0, 0, 0, 0)\" class=\"has-inline-color has-isfell-red-color\">V\u00f6rur og \u00edhlutir fyrir l\u00ednu-, neta- og handf\u00e6ravei\u00f0ar.<\/mark><\/a><\/strong><\/p>\n\n\n\n<p class=\"has-isfell-black-color has-text-color\">Please contact our sales team for more information about the products.<\/p>\n","protected":false},"excerpt":{"rendered":"<p>\u00cdsfell is at the forefront of companies that provide fishing equipment for longline, gill net, and jig fishing. \u00cdsfell does not only offer a wide range of fishing equipment but also specializes in various support supplies that contribute to fishing being as effective and efficient as possible. \u00cdsfell offers outstanding service and a wide range&#8230;<\/p>\n","protected":false},"author":3,"featured_media":8089,"parent":0,"menu_order":0,"comment_status":"closed","ping_status":"closed","template":"template-vorur.php","meta":{"_acf_changed":false,"footnotes":""},"svid":[95],"class_list":["post-8496","page","type-page","status-publish","has-post-thumbnail","hentry","svid-fishing-en"],"acf":{"page_intro":""},"_links":{"self":[{"href":"https:\/\/isfell.is\/en\/wp-json\/wp\/v2\/pages\/8496","targetHints":{"allow":["GET"]}}],"collection":[{"href":"https:\/\/isfell.is\/en\/wp-json\/wp\/v2\/pages"}],"about":[{"href":"https:\/\/isfell.is\/en\/wp-json\/wp\/v2\/types\/page"}],"author":[{"embeddable":true,"href":"https:\/\/isfell.is\/en\/wp-json\/wp\/v2\/users\/3"}],"replies":[{"embeddable":true,"href":"https:\/\/isfell.is\/en\/wp-json\/wp\/v2\/comments?post=8496"}],"version-history":[{"count":18,"href":"https:\/\/isfell.is\/en\/wp-json\/wp\/v2\/pages\/8496\/revisions"}],"predecessor-version":[{"id":10332,"href":"https:\/\/isfell.is\/en\/wp-json\/wp\/v2\/pages\/8496\/revisions\/10332"}],"wp:featuredmedia":[{"embeddable":true,"href":"https:\/\/isfell.is\/en\/wp-json\/wp\/v2\/media\/8089"}],"wp:attachment":[{"href":"https:\/\/isfell.is\/en\/wp-json\/wp\/v2\/media?parent=8496"}],"wp:term":[{"taxonomy":"svid","embeddable":true,"href":"https:\/\/isfell.is\/en\/wp-json\/wp\/v2\/svid?post=8496"}],"curies":[{"name":"wp","href":"https:\/\/api.w.org\/{rel}","templated":true}]}}