{"id":8450,"date":"2022-05-06T10:38:45","date_gmt":"2022-05-06T10:38:45","guid":{"rendered":"https:\/\/isfell.is\/service-2\/"},"modified":"2023-02-01T09:03:16","modified_gmt":"2023-02-01T09:03:16","slug":"service-2","status":"publish","type":"page","link":"https:\/\/isfell.is\/en\/service-2\/","title":{"rendered":"Service"},"content":{"rendered":"\n<p>\u00cdsfell is a leading company in development, production and service of fishing gear. Also, the company specializes in aquaculture, hoisting and fall protection equipment. Great importance is placed on providing services locally and has, moreover, a larger range of goods available for same-day delivery or delivery in short notice. <\/p>\n\n\n<div class=\"isfell-fullimageblock\" style=\"background-image: url(https:\/\/isfell.is\/wp-content\/uploads\/2022\/12\/6L8A0307_1-scaled.jpg); background-position: center center; background-size: cover; background-repeat: no-repeat;\"><div class=\"back-layer\"><\/div><div class=\"isfell-fullimageblock__container\"><div class=\"isfell-fullimageblock__content wow fadeIn\" data-wow-delay=\"0.3s\"><h3>Outstanding service<\/h3><p>The company\u2019s services are first and foremost characterized by its excellent range of quality goods, reliability to customers and outstanding staff who have extensive knowledge. <\/p><\/div><\/div><\/div>\n\n\n<div class=\"wp-block-media-text alignwide has-media-on-the-right is-stacked-on-mobile block-content block-content--odd wow fadeInUp\"><div class=\"wp-block-media-text__content\">\n<h2 class=\"wp-block-heading\">Design, development, and manufacturing<\/h2>\n\n\n\n<p>\u00cdsfell places a great emphasis on product development which has led the company to being leading in designing, developing, and selling fishing gear for over three decades. As well, \u00cdsfell sells a range of fishing and aquaculture products, rescue products, binding products and various consumables. A key aspect of product development within \u00cdsfell is our good cooperation with our suppliers, fishing companies, fishermen, and clients to understand their needs and expectations. During the development process we a led by the most recent environmental and safety standards. Our employees strive to help our clients succeed by providing outstanding service and solutions that are tailor-made to their needs and expectations.   <\/p>\n\n\n\n<p>\u00cdsfell designs and develops fishing gear that are manufactured to meet the needs of the latest technological advances. To ensure that the product is delivered in the right quality to our clients, we use flume tank testing to test products in development.  <a href=\"https:\/\/isfell.is\/en\/\"><\/a><\/p>\n\n\n\n<div class=\"wp-block-buttons is-layout-flex wp-block-buttons-is-layout-flex\"><\/div>\n<\/div><figure class=\"wp-block-media-text__media\"><img loading=\"lazy\" decoding=\"async\" width=\"1280\" height=\"853\" src=\"https:\/\/isfell.is\/wp-content\/uploads\/2023\/01\/6L8A9718-1280x853.jpg\" alt=\"\" class=\"wp-image-5804 size-full\" srcset=\"https:\/\/isfell.is\/wp-content\/uploads\/2023\/01\/6L8A9718-1280x853.jpg 1280w, https:\/\/isfell.is\/wp-content\/uploads\/2023\/01\/6L8A9718-600x400.jpg 600w, https:\/\/isfell.is\/wp-content\/uploads\/2023\/01\/6L8A9718-768x512.jpg 768w, https:\/\/isfell.is\/wp-content\/uploads\/2023\/01\/6L8A9718-1536x1024.jpg 1536w, https:\/\/isfell.is\/wp-content\/uploads\/2023\/01\/6L8A9718-2048x1365.jpg 2048w, https:\/\/isfell.is\/wp-content\/uploads\/2023\/01\/6L8A9718-1620x1080.jpg 1620w\" sizes=\"auto, (max-width: 1280px) 100vw, 1280px\" \/><\/figure><\/div>\n\n\n\n<div class=\"wp-block-media-text alignwide is-stacked-on-mobile block-content block-content--even wow fadeInUp\"><figure class=\"wp-block-media-text__media\"><img loading=\"lazy\" decoding=\"async\" width=\"1280\" height=\"853\" src=\"https:\/\/isfell.is\/wp-content\/uploads\/2022\/12\/6L8A9775-1280x853.jpg\" alt=\"\" class=\"wp-image-5410 size-full\" srcset=\"https:\/\/isfell.is\/wp-content\/uploads\/2022\/12\/6L8A9775-1280x853.jpg 1280w, https:\/\/isfell.is\/wp-content\/uploads\/2022\/12\/6L8A9775-600x400.jpg 600w, https:\/\/isfell.is\/wp-content\/uploads\/2022\/12\/6L8A9775-768x512.jpg 768w, https:\/\/isfell.is\/wp-content\/uploads\/2022\/12\/6L8A9775-1536x1024.jpg 1536w, https:\/\/isfell.is\/wp-content\/uploads\/2022\/12\/6L8A9775-2048x1365.jpg 2048w, https:\/\/isfell.is\/wp-content\/uploads\/2022\/12\/6L8A9775-1620x1080.jpg 1620w\" sizes=\"auto, (max-width: 1280px) 100vw, 1280px\" \/><\/figure><div class=\"wp-block-media-text__content\">\n<h2 class=\"wp-block-heading\">Maintenance and repairs<\/h2>\n\n\n\n<p>\u00cdsfell&#8217;s employees at the service stations will inspect, repair, and make changes to our customer&#8217;s fishing gear as needed. <\/p>\n\n\n\n<p>\u00cdsfell\u2019s service stations are in the following locations around Iceland:<\/p>\n\n\n\n<ul class=\"wp-block-list\">\n<li><a href=\"https:\/\/isfell.is\/en\/stodvar\/akureyri\/\" target=\"_blank\" rel=\"noreferrer noopener\">Akureyri<\/a><\/li>\n\n\n\n<li><a href=\"https:\/\/isfell.is\/en\/stodvar\/hafnarfjordur\/\" target=\"_blank\" rel=\"noreferrer noopener\">Hafnarfj\u00f6r\u00f0ur<\/a><\/li>\n\n\n\n<li><a href=\"https:\/\/isfell.is\/en\/stodvar\/husavik\/\" target=\"_blank\" rel=\"noreferrer noopener\">H\u00fasav\u00edk<\/a><\/li>\n\n\n\n<li><a href=\"https:\/\/isfell.is\/en\/stodvar\/olafsfjordur\/\" target=\"_blank\" rel=\"noreferrer noopener\">\u00d3lafsfj\u00f6r\u00f0ur<\/a><\/li>\n\n\n\n<li><a href=\"https:\/\/isfell.is\/en\/stodvar\/patreksfjordur\/\" target=\"_blank\" rel=\"noreferrer noopener\">Patreksfj\u00f6r\u00f0ur<\/a><\/li>\n\n\n\n<li><a href=\"https:\/\/isfell.is\/en\/stodvar\/saudarkrokur\/\" target=\"_blank\" rel=\"noreferrer noopener\">Sau\u00f0\u00e1rkr\u00f3kur<\/a><\/li>\n\n\n\n<li><a href=\"https:\/\/isfell.is\/en\/stodvar\/westman-islands\/\" target=\"_blank\" rel=\"noreferrer noopener\">Vestmannaeyjar<\/a><\/li>\n\n\n\n<li><a href=\"https:\/\/isfell.is\/en\/stodvar\/thorlakshofn\/\" target=\"_blank\" rel=\"noreferrer noopener\">\u00deorl\u00e1ksh\u00f6fn<\/a><\/li>\n<\/ul>\n\n\n\n<div class=\"wp-block-buttons is-layout-flex wp-block-buttons-is-layout-flex\"><\/div>\n<\/div><\/div>\n\n\n\n<div class=\"wp-block-media-text alignwide has-media-on-the-right is-stacked-on-mobile block-content block-content--odd wow fadeInUp\"><div class=\"wp-block-media-text__content\">\n<h2 class=\"wp-block-heading\">Warehouse<\/h2>\n\n\n\n<p>\u00cdsfell offers a wide range of products at our warehouse. It is possible to get them tailored to our customer&#8217;s needs.  <\/p>\n\n\n\n<p>At our warehouse we have:<\/p>\n\n\n\n<ul class=\"wp-block-list\">\n<li><a href=\"\/en?svid=akkerisbunadur-en\" target=\"_blank\" rel=\"noreferrer noopener\">Anchors<\/a><\/li>\n\n\n\n<li><a href=\"\/en?svid=blakkir-en\" target=\"_blank\" rel=\"noreferrer noopener\">Blocks<\/a><\/li>\n\n\n\n<li><a href=\"\/en?svid=fiskikedjur-en\" target=\"_blank\" rel=\"noreferrer noopener\">Fishing chains<\/a><\/li>\n\n\n\n<li><a href=\"\/en?svid=garn-en\" target=\"_blank\" rel=\"noreferrer noopener\">Yarn and rope<\/a><\/li>\n\n\n\n<li><a href=\"\/en?svid=holkar-og-stalaugu-en\" target=\"_blank\" rel=\"noreferrer noopener\">Ferrules and terminals<\/a><\/li>\n\n\n\n<li><a href=\"\/en?svid=lasar-en\" target=\"_blank\" rel=\"noreferrer noopener\">Shackles<\/a><\/li>\n\n\n\n<li>Everything for <a href=\"\/en?svid=linuveidar-en\" target=\"_blank\" rel=\"noreferrer noopener\">longline fishing<\/a>, <a href=\"\/en?svid=netaveidar-en\" target=\"_blank\" rel=\"noreferrer noopener\">trawl fishing<\/a>, <a href=\"\/en?svid=notaveidar-en\" target=\"_blank\" rel=\"noreferrer noopener\">seine fishing<\/a>, and <a href=\"\/en?svid=handfaeraveidar-en\" target=\"_blank\" rel=\"noreferrer noopener\">jigging fishery<\/a><\/li>\n<\/ul>\n\n\n\n<div class=\"wp-block-buttons is-layout-flex wp-block-buttons-is-layout-flex\"><\/div>\n<\/div><figure class=\"wp-block-media-text__media\"><img loading=\"lazy\" decoding=\"async\" width=\"1280\" height=\"732\" src=\"https:\/\/isfell.is\/wp-content\/uploads\/2023\/01\/Vorulager-4-1280x732.png\" alt=\"\" class=\"wp-image-5781 size-full\" srcset=\"https:\/\/isfell.is\/wp-content\/uploads\/2023\/01\/Vorulager-4-1280x732.png 1280w, https:\/\/isfell.is\/wp-content\/uploads\/2023\/01\/Vorulager-4-600x343.png 600w, https:\/\/isfell.is\/wp-content\/uploads\/2023\/01\/Vorulager-4-768x439.png 768w, https:\/\/isfell.is\/wp-content\/uploads\/2023\/01\/Vorulager-4-1536x878.png 1536w, https:\/\/isfell.is\/wp-content\/uploads\/2023\/01\/Vorulager-4-2048x1171.png 2048w, https:\/\/isfell.is\/wp-content\/uploads\/2023\/01\/Vorulager-4-1889x1080.png 1889w\" sizes=\"auto, (max-width: 1280px) 100vw, 1280px\" \/><\/figure><\/div>\n\n\n\n<div class=\"wp-block-media-text alignwide is-stacked-on-mobile block-content block-content--even wow fadeInUp\"><figure class=\"wp-block-media-text__media\"><img loading=\"lazy\" decoding=\"async\" width=\"1280\" height=\"853\" src=\"https:\/\/isfell.is\/wp-content\/uploads\/2022\/12\/6L8A9996-1280x853.jpg\" alt=\"\" class=\"wp-image-5416 size-full\" srcset=\"https:\/\/isfell.is\/wp-content\/uploads\/2022\/12\/6L8A9996-1280x853.jpg 1280w, https:\/\/isfell.is\/wp-content\/uploads\/2022\/12\/6L8A9996-600x400.jpg 600w, https:\/\/isfell.is\/wp-content\/uploads\/2022\/12\/6L8A9996-768x512.jpg 768w, https:\/\/isfell.is\/wp-content\/uploads\/2022\/12\/6L8A9996-1536x1024.jpg 1536w, https:\/\/isfell.is\/wp-content\/uploads\/2022\/12\/6L8A9996-2048x1365.jpg 2048w, https:\/\/isfell.is\/wp-content\/uploads\/2022\/12\/6L8A9996-1620x1080.jpg 1620w\" sizes=\"auto, (max-width: 1280px) 100vw, 1280px\" \/><\/figure><div class=\"wp-block-media-text__content\">\n<h2 class=\"wp-block-heading\">Wire service<\/h2>\n\n\n\n<p>\u00cdsfell offers wire services at its service stations around Iceland. The workshops are well equipped and ready to take on a wide range of projects. <br><br>The workshops are at the following locations:<\/p>\n\n\n\n<ul class=\"wp-block-list\">\n<li><a rel=\"noreferrer noopener\" href=\"https:\/\/isfell.is\/en\/stodvar\/akureyri\/\" target=\"_blank\">Akureyri<\/a><\/li>\n\n\n\n<li><a href=\"https:\/\/isfell.is\/en\/stodvar\/hafnarfjordur\/\" target=\"_blank\" rel=\"noreferrer noopener\">Hafnarfj\u00f6r\u00f0ur<\/a><\/li>\n\n\n\n<li><a href=\"https:\/\/isfell.is\/en\/stodvar\/husavik\/\" target=\"_blank\" rel=\"noreferrer noopener\">H\u00fasav\u00edk<\/a><\/li>\n\n\n\n<li><a href=\"https:\/\/isfell.is\/en\/stodvar\/olafsfjordur\/\" target=\"_blank\" rel=\"noreferrer noopener\">\u00d3lafsfj\u00f6r\u00f0ur<\/a><\/li>\n\n\n\n<li><a href=\"https:\/\/isfell.is\/en\/stodvar\/patreksfjordur\/\" target=\"_blank\" rel=\"noreferrer noopener\">Patreksfj\u00f6r\u00f0ur<\/a><\/li>\n\n\n\n<li><a href=\"https:\/\/isfell.is\/en\/stodvar\/saudarkrokur\/\" target=\"_blank\" rel=\"noreferrer noopener\">Sau\u00f0\u00e1rkr\u00f3kur<\/a><\/li>\n\n\n\n<li><a href=\"https:\/\/isfell.is\/en\/stodvar\/westman-islands\/\" target=\"_blank\" rel=\"noreferrer noopener\">Vestmannaeyjar<\/a><\/li>\n\n\n\n<li><a rel=\"noreferrer noopener\" href=\"https:\/\/isfell.is\/en\/stodvar\/thorlakshofn\/\" target=\"_blank\">\u00deorl\u00e1ksh\u00f6fn<\/a><\/li>\n<\/ul>\n\n\n\n<p><br><br><\/p>\n\n\n\n<p><br><br><\/p>\n\n\n\n<div class=\"wp-block-buttons is-layout-flex wp-block-buttons-is-layout-flex\"><\/div>\n<\/div><\/div>\n\n\n\n<div class=\"wp-block-media-text alignwide has-media-on-the-right is-stacked-on-mobile block-content block-content--odd wow fadeInUp\"><div class=\"wp-block-media-text__content\">\n<h2 class=\"wp-block-heading\">Warps<\/h2>\n\n\n\n<p>\u00cdsfell is an agent for Bridon-Bekaert warps in Iceland. Bridon produces some of the best known trawl warps on the market for the fishing industry, as well and producing purse lines, crane wires, wire rope etc.<\/p>\n\n\n\n<p class=\"has-isfell-black-color has-text-color\"><strong>The advantages of Bridon warps:<\/strong><\/p>\n\n\n\n<ul class=\"wp-block-list\">\n<li>Maximum breaking load<\/li>\n\n\n\n<li>Maximum abrasion resistance<\/li>\n\n\n\n<li>Increased strength and a smooth periphery for reduced pulley and sheave wear<\/li>\n\n\n\n<li>Precise and tight diameter<\/li>\n\n\n\n<li>Minimum maintenance cost<\/li>\n<\/ul>\n<\/div><figure class=\"wp-block-media-text__media\"><img loading=\"lazy\" decoding=\"async\" width=\"890\" height=\"667\" src=\"https:\/\/isfell.is\/wp-content\/uploads\/2023\/01\/Togvir-Bridon-Enska-4.jpg\" alt=\"\" class=\"wp-image-9698 size-full\" srcset=\"https:\/\/isfell.is\/wp-content\/uploads\/2023\/01\/Togvir-Bridon-Enska-4.jpg 890w, https:\/\/isfell.is\/wp-content\/uploads\/2023\/01\/Togvir-Bridon-Enska-4-600x450.jpg 600w, https:\/\/isfell.is\/wp-content\/uploads\/2023\/01\/Togvir-Bridon-Enska-4-768x576.jpg 768w\" sizes=\"auto, (max-width: 890px) 100vw, 890px\" \/><\/figure><\/div>\n\n\n\n<div class=\"wp-block-media-text alignwide is-stacked-on-mobile block-content block-content--even wow fadeInUp\"><figure class=\"wp-block-media-text__media\"><img loading=\"lazy\" decoding=\"async\" width=\"1280\" height=\"960\" src=\"https:\/\/isfell.is\/wp-content\/uploads\/2023\/01\/Strekkivinda31-1280x960.jpg\" alt=\"\" class=\"wp-image-5747 size-full\" srcset=\"https:\/\/isfell.is\/wp-content\/uploads\/2023\/01\/Strekkivinda31-1280x960.jpg 1280w, https:\/\/isfell.is\/wp-content\/uploads\/2023\/01\/Strekkivinda31-600x450.jpg 600w, https:\/\/isfell.is\/wp-content\/uploads\/2023\/01\/Strekkivinda31-768x576.jpg 768w, https:\/\/isfell.is\/wp-content\/uploads\/2023\/01\/Strekkivinda31-1536x1152.jpg 1536w, https:\/\/isfell.is\/wp-content\/uploads\/2023\/01\/Strekkivinda31-2048x1536.jpg 2048w, https:\/\/isfell.is\/wp-content\/uploads\/2023\/01\/Strekkivinda31-1440x1080.jpg 1440w\" sizes=\"auto, (max-width: 1280px) 100vw, 1280px\" \/><\/figure><div class=\"wp-block-media-text__content\">\n<h2 class=\"wp-block-heading\">Wire tensioning service<\/h2>\n\n\n\n<p>\u00cdsfell offers wire tensioning service where the trawl warps are spooled with a tension machine on the ship&#8217;s winches. The precise tensioning of the warps can increase lifetime of the wire, along with significant time saving whereas the wire is stretched on board the vessel under the best possible conditions.   <\/p>\n\n\n\n<p>\u00cdsfell&#8217;s wire tensioner is portable and can be operated with wire diameter up to 40 mm.<\/p>\n<\/div><\/div>\n\n\n\n<div class=\"wp-block-media-text alignwide has-media-on-the-right is-stacked-on-mobile block-content block-content--odd wow fadeInUp\"><div class=\"wp-block-media-text__content\">\n<h2 class=\"wp-block-heading\">Rockhopper<\/h2>\n\n\n\n<p>\u00cdsfell offers a tailor-made solution in designing and put together rockhoppers and groundrope for all types of fishing gear ranging from 4&#8243; up to 32&#8243; in diameter.<\/p>\n\n\n\n<div class=\"wp-block-buttons is-layout-flex wp-block-buttons-is-layout-flex\"><\/div>\n<\/div><figure class=\"wp-block-media-text__media\"><img loading=\"lazy\" decoding=\"async\" width=\"1280\" height=\"960\" src=\"https:\/\/isfell.is\/wp-content\/uploads\/2023\/01\/Vinna-a-bryggju-1-1280x960.jpg\" alt=\"\" class=\"wp-image-5746 size-full\" srcset=\"https:\/\/isfell.is\/wp-content\/uploads\/2023\/01\/Vinna-a-bryggju-1-1280x960.jpg 1280w, https:\/\/isfell.is\/wp-content\/uploads\/2023\/01\/Vinna-a-bryggju-1-600x450.jpg 600w, https:\/\/isfell.is\/wp-content\/uploads\/2023\/01\/Vinna-a-bryggju-1-768x576.jpg 768w, https:\/\/isfell.is\/wp-content\/uploads\/2023\/01\/Vinna-a-bryggju-1-1536x1152.jpg 1536w, https:\/\/isfell.is\/wp-content\/uploads\/2023\/01\/Vinna-a-bryggju-1-2048x1536.jpg 2048w, https:\/\/isfell.is\/wp-content\/uploads\/2023\/01\/Vinna-a-bryggju-1-1440x1080.jpg 1440w\" sizes=\"auto, (max-width: 1280px) 100vw, 1280px\" \/><\/figure><\/div>\n\n\n\n<div class=\"wp-block-media-text alignwide is-stacked-on-mobile block-content block-content--even wow fadeInUp\"><figure class=\"wp-block-media-text__media\"><img loading=\"lazy\" decoding=\"async\" width=\"1280\" height=\"787\" src=\"https:\/\/isfell.is\/wp-content\/uploads\/2023\/01\/Bjartur-Isfell_output-1280x787.jpg\" alt=\"\" class=\"wp-image-5741 size-full\" srcset=\"https:\/\/isfell.is\/wp-content\/uploads\/2023\/01\/Bjartur-Isfell_output-1280x787.jpg 1280w, https:\/\/isfell.is\/wp-content\/uploads\/2023\/01\/Bjartur-Isfell_output-600x369.jpg 600w, https:\/\/isfell.is\/wp-content\/uploads\/2023\/01\/Bjartur-Isfell_output-768x472.jpg 768w\" sizes=\"auto, (max-width: 1280px) 100vw, 1280px\" \/><\/figure><div class=\"wp-block-media-text__content\">\n<h2 class=\"wp-block-heading\">Recycling fishing gear<\/h2>\n\n\n\n<p>\u00cdsfell commits to reducing the negative environmental impact in its operations. The company wants to reduce its carbon footprint, both at sea and on land. To reduce waste, \u00cdsfell offers services of receiving used fishing equipment from its customers to make sure it is recycled in the correct manner.  <\/p>\n\n\n\n<p>\u00cdsfell\u2019s service stations are in the following locations around Iceland:<\/p>\n\n\n\n<p><\/p>\n\n\n\n<ul class=\"wp-block-list\">\n<li><a href=\"https:\/\/isfell.is\/en\/stodvar\/akureyri\/\" target=\"_blank\" rel=\"noreferrer noopener\">Akureyri<\/a><\/li>\n\n\n\n<li><a href=\"https:\/\/isfell.is\/en\/stodvar\/hafnarfjordur\/\" target=\"_blank\" rel=\"noreferrer noopener\">Hafnarfj\u00f6r\u00f0ur<\/a><\/li>\n\n\n\n<li><a href=\"https:\/\/isfell.is\/en\/stodvar\/husavik\/\" target=\"_blank\" rel=\"noreferrer noopener\">H\u00fasav\u00edk<\/a><\/li>\n\n\n\n<li><a href=\"https:\/\/isfell.is\/en\/stodvar\/olafsfjordur\/\" target=\"_blank\" rel=\"noreferrer noopener\">\u00d3lafsfj\u00f6r\u00f0ur<\/a><\/li>\n\n\n\n<li><a href=\"https:\/\/isfell.is\/en\/stodvar\/patreksfjordur\/\" target=\"_blank\" rel=\"noreferrer noopener\">Patreksfj\u00f6r\u00f0ur<\/a><\/li>\n\n\n\n<li><a href=\"https:\/\/isfell.is\/en\/stodvar\/saudarkrokur\/\" target=\"_blank\" rel=\"noreferrer noopener\">Sau\u00f0\u00e1rkr\u00f3kur<\/a><\/li>\n\n\n\n<li><a href=\"https:\/\/isfell.is\/en\/stodvar\/westman-islands\/\" target=\"_blank\" rel=\"noreferrer noopener\">Vestmannaeyjar<\/a><\/li>\n\n\n\n<li><a href=\"https:\/\/isfell.is\/en\/stodvar\/thorlakshofn\/\" target=\"_blank\" rel=\"noreferrer noopener\">\u00deorl\u00e1ksh\u00f6fn<\/a><\/li>\n<\/ul>\n\n\n\n<div class=\"wp-block-buttons is-layout-flex wp-block-buttons-is-layout-flex\"><\/div>\n<\/div><\/div>\n\n\n<div class=\"isfell-fullimageblock\" style=\"background-image: url(https:\/\/isfell.is\/wp-content\/uploads\/2023\/01\/Vinna-a-bryggju-2-scaled.jpg); background-position: center center; background-size: cover; background-repeat: no-repeat;\"><div class=\"back-layer\"><\/div><div class=\"isfell-fullimageblock__container\"><div class=\"isfell-fullimageblock__content wow fadeIn\" data-wow-delay=\"0.3s\"><h3>Transportation<\/h3><p>\u00cdsfell offers transportation service in good cooperation with carrier.<\/p><\/div><\/div><\/div>","protected":false},"excerpt":{"rendered":"<p>\u00cdsfell is a leading company in development, production and service of fishing gear. Also, the company specializes in aquaculture, hoisting and fall protection equipment. Great importance is placed on providing services locally and has, moreover, a larger range of goods available for same-day delivery or delivery in short notice. Wire tensioning service \u00cdsfell offers wire&#8230;<\/p>\n","protected":false},"author":3,"featured_media":6097,"parent":0,"menu_order":0,"comment_status":"closed","ping_status":"closed","template":"","meta":{"_acf_changed":false,"footnotes":""},"svid":[95],"class_list":["post-8450","page","type-page","status-publish","has-post-thumbnail","hentry","svid-fishing-en"],"acf":{"page_intro":""},"_links":{"self":[{"href":"https:\/\/isfell.is\/en\/wp-json\/wp\/v2\/pages\/8450","targetHints":{"allow":["GET"]}}],"collection":[{"href":"https:\/\/isfell.is\/en\/wp-json\/wp\/v2\/pages"}],"about":[{"href":"https:\/\/isfell.is\/en\/wp-json\/wp\/v2\/types\/page"}],"author":[{"embeddable":true,"href":"https:\/\/isfell.is\/en\/wp-json\/wp\/v2\/users\/3"}],"replies":[{"embeddable":true,"href":"https:\/\/isfell.is\/en\/wp-json\/wp\/v2\/comments?post=8450"}],"version-history":[{"count":12,"href":"https:\/\/isfell.is\/en\/wp-json\/wp\/v2\/pages\/8450\/revisions"}],"predecessor-version":[{"id":9883,"href":"https:\/\/isfell.is\/en\/wp-json\/wp\/v2\/pages\/8450\/revisions\/9883"}],"wp:featuredmedia":[{"embeddable":true,"href":"https:\/\/isfell.is\/en\/wp-json\/wp\/v2\/media\/6097"}],"wp:attachment":[{"href":"https:\/\/isfell.is\/en\/wp-json\/wp\/v2\/media?parent=8450"}],"wp:term":[{"taxonomy":"svid","embeddable":true,"href":"https:\/\/isfell.is\/en\/wp-json\/wp\/v2\/svid?post=8450"}],"curies":[{"name":"wp","href":"https:\/\/api.w.org\/{rel}","templated":true}]}}