{"id":8418,"date":"2022-05-11T08:30:52","date_gmt":"2022-05-11T08:30:52","guid":{"rendered":"https:\/\/isfell.is\/course\/"},"modified":"2024-09-06T13:29:32","modified_gmt":"2024-09-06T13:29:32","slug":"course","status":"publish","type":"page","link":"https:\/\/isfell.is\/en\/course\/","title":{"rendered":"Course"},"content":{"rendered":"\n<h2 class=\"has-text-align-center wp-block-heading\">Online basic course in the use of lifting and fall protection equipment.<\/h2>\n\n<p>For over two decades, \u00cdsfell has offered a basic course in the use of lifting and fall protection equipment. Now, \u00cdsfell offers people to take the course online through our website at their own pace. At the completion of the course, if competence has been shown, a certificate is issued.  <\/p>\n\n<p>With an increased awareness of safety at the workplace, many companies are requiring their employees to complete the course.<\/p>\n\n<p>The aim of the courses is to decrease the number of accidents at the workplace and encourage the proper handling of the equipment to increase its longevity.<\/p>\n\n<p class=\"has-text-align-center has-isfell-red-color has-text-color has-large-font-size\"><strong>Registration below.<\/strong><\/p>\n\n<div class=\"wp-block-buttons is-content-justification-center is-layout-flex wp-container-core-buttons-is-layout-16018d1d wp-block-buttons-is-layout-flex\">\n<div class=\"wp-block-button\"><a class=\"wp-block-button__link has-isfell-white-color has-isfell-red-background-color has-text-color has-background wp-element-button\" href=\"https:\/\/accounts.learncove.io\/auth\/realms\/learncove\/protocol\/openid-connect\/auth?client_id=learncove&amp;redirect_uri=https%3A%2F%2Flearncove.io%2Fhome&amp;state=a012aaca-168a-4ba9-9a53-9ccbb9512ae7&amp;response_mode=fragment&amp;response_type=code&amp;scope=openid&amp;nonce=28d03bac-3a6a-4632-8de7-4f0b958eaf44\" target=\"_blank\" rel=\"noreferrer noopener\">Log in to learncove<\/a><\/div>\n<\/div>\n<div class=\"learncoveSingleCourse\">\r\n\u00a0 <div class=\"learncoveCourseSummary\">\r\n\u00a0 \u00a0 <a class=\"learncoveCourseLogo\">\r\n\u00a0 \u00a0 \u00a0 <img decoding=\"async\" src=\"https:\/\/d1n04gokjg6uol.cloudfront.net\/eyJidWNrZXQiOiJsZWFybmNvdmUiLCJrZXkiOiI2MjMxZDM0Y2UyMGM4OWJiMDdiZDQ1NzIvNjQ1Y2NlOTFiN2EzNjJlZjQ0ODFhNWM0L2Nyb3BwZWQucG5nIn0=\">\r\n\u00a0 \u00a0 <\/a>\r\n\u00a0 \u00a0 <div class=\"learncoveCourseContainer\">\r\n\u00a0 \u00a0 \u00a0 <h2><a class=\"title\" href=\"https:\/\/isfell.is\/en\/course\/grunnnamskeid-i-medferd-a-hifibunadi\/\">Grunnn\u00e1mskei\u00f0 \u00ed me\u00f0fer\u00f0 \u00e1 h\u00edfib\u00fana\u00f0i<\/a><\/h2>\r\n\u00a0 \u00a0 \u00a0 <div class=\"summary\">\u00a0 \u00a0 \u00a0 \u00a0 \u00a0 \u00a0 Uppl\u00fdsingar \u00a0 \u00a0 \u00a0 \u00a0 \u00a0 \u00a0 \u00a0 Sta\u00f0ur: Netn\u00e1mskei\u00f0 \u00a0 \u00a0 \u00a0 \u00a0 Ver\u00f0: 9500 ISK \u00a0 \u00a0 \u00a0 \u00a0 \u00a0 \u00a0 \u00a0 \u00a0 \u00a0 \u00a0 L\u00fdsing \u00a0 \u00a0 \u00a0 Grunnn\u00e1mskei\u00f0i\u00f0 er \u00ed \u00feremur hlutum.\u00cd hverjum hluta er fari\u00f0 yfir vi\u00f0eigandi efni, myndb\u00f6nd og \u00fatsk\u00fdringar.\u00cd lok hvers hluta...<\/div>\r\n\u00a0 \u00a0 <\/div>\r\n\u00a0 \u00a0 \r\n\u00a0 \u00a0 <div class=\"learncoveCourseFooterTwo\">\r\n\u00a0 \u00a0 \u00a0 <a href=\"https:\/\/isfell.is\/en\/course\/grunnnamskeid-i-medferd-a-hifibunadi\/\"><button class=\"btn btn-primary details-more\">N\u00e1nar<\/button><\/a>\r\n\u00a0 \u00a0 <\/div>\r\n\u00a0 <\/div>\r\n<\/div>\r\n<div class=\"learncoveSingleCourse\">\r\n\u00a0 <div class=\"learncoveCourseSummary\">\r\n\u00a0 \u00a0 <a class=\"learncoveCourseLogo\">\r\n\u00a0 \u00a0 \u00a0 <img decoding=\"async\" src=\"https:\/\/d1n04gokjg6uol.cloudfront.net\/eyJidWNrZXQiOiJsZWFybmNvdmUiLCJrZXkiOiI2MjMxZDM0Y2UyMGM4OWJiMDdiZDQ1NzIvNjQ1Y2RlMzdiN2EzNjJlZjQ0ODJmYzgxL2Nyb3BwZWQucG5nIn0=\">\r\n\u00a0 \u00a0 <\/a>\r\n\u00a0 \u00a0 <div class=\"learncoveCourseContainer\">\r\n\u00a0 \u00a0 \u00a0 <h2><a class=\"title\" href=\"https:\/\/isfell.is\/en\/course\/grunnnamskeid-fyrir-orugga-vinnu-i-haed\/\">Grunnn\u00e1mskei\u00f0 fyrir \u00f6rugga vinnu \u00ed h\u00e6\u00f0<\/a><\/h2>\r\n\u00a0 \u00a0 \u00a0 <div class=\"summary\">\u00a0 \u00a0 \u00a0 \u00a0 \u00a0 \u00a0 Uppl\u00fdsingar \u00a0 \u00a0 \u00a0 \u00a0 \u00a0 \u00a0 \u00a0 Sta\u00f0ur: Netn\u00e1mskei\u00f0 \u00a0 \u00a0 \u00a0 \u00a0 Ver\u00f0: 10990 ISK \u00a0 \u00a0 \u00a0 \u00a0 \u00a0 \u00a0 \u00a0 \u00a0 \u00a0 \u00a0 L\u00fdsing \u00a0 \u00a0 \u00a0 \u00deetta n\u00e1mskei\u00f0 er hanna\u00f0 til a\u00f0 gefa grunn yfirs\u00fdn yfir \u00f6rugga vinnu \u00ed h\u00e6\u00f0. \u00dea\u00f0 mun hj\u00e1lpa \u00fe\u00e9r...<\/div>\r\n\u00a0 \u00a0 <\/div>\r\n\u00a0 \u00a0 \r\n\u00a0 \u00a0 <div class=\"learncoveCourseFooterTwo\">\r\n\u00a0 \u00a0 \u00a0 <a href=\"https:\/\/isfell.is\/en\/course\/grunnnamskeid-fyrir-orugga-vinnu-i-haed\/\"><button class=\"btn btn-primary details-more\">N\u00e1nar<\/button><\/a>\r\n\u00a0 \u00a0 <\/div>\r\n\u00a0 <\/div>\r\n<\/div>\r\n\n   <div id='registration-courses'>\n\n                    <h3>Skr\u00e1ning \u00e1 n\u00e1mskei\u00f0<\/h3>\n\n                    \n\n                    <form class='registration-courses' method='post' action='#registration-courses' >\n                        \n                        <p class='checkbox'><input type='checkbox' name='courses[]' value='Grunnn\u00e1mskei\u00f0 fyrir \u00f6rugga vinnu \u00ed h\u00e6\u00f0 required'>Grunnn\u00e1mskei\u00f0 fyrir \u00f6rugga vinnu \u00ed h\u00e6\u00f0<\/p><p class='checkbox'><input type='checkbox' name='courses[]' value='Grunnn\u00e1mskei\u00f0 \u00ed me\u00f0fer\u00f0 \u00e1 h\u00edfib\u00fana\u00f0i required'>Grunnn\u00e1mskei\u00f0 \u00ed me\u00f0fer\u00f0 \u00e1 h\u00edfib\u00fana\u00f0i<\/p>\n        \n                        <label for='name'>Nafn*<\/label>\n                        <input name='nafn' required>\n                        \n                        <label for='email'>T\u00f6lvup\u00f3stur*<\/label>\n                        <input name='email' type='email' required>\n                        \n                        <label for='phone'>S\u00edmi<\/label>\n                        <input name='phone' type='tel'>\n                        \n                        <label for='employer'>Vinnuveitandi*<\/label>\n                        <input name='employer' required>\n                        \n                        <label for='employer-contact'>Tengili\u00f0ur vinnveitanda (t.d \u00f6ryggisfulltr\u00fai)<\/label>\n                        <input name='employer-contact'>\n                        \n                        <label for='message'>Skilabo\u00f0<\/label>\n                        <textarea name='message'><\/textarea>\n\n                        <input id='registration-submit' type='submit' name='registration-courses' value='Submit' >\n                    <\/form>\n                <\/div>\n","protected":false},"excerpt":{"rendered":"<p>Online basic course in the use of lifting and fall protection equipment. For over two decades, \u00cdsfell has offered a basic course in the use of lifting and fall protection equipment. Now, \u00cdsfell offers people to take the course online through our website at their own pace. At the completion of the course, if competence&#8230;<\/p>\n","protected":false},"author":3,"featured_media":8196,"parent":0,"menu_order":0,"comment_status":"closed","ping_status":"closed","template":"","meta":{"_acf_changed":false,"footnotes":""},"svid":[],"class_list":["post-8418","page","type-page","status-publish","has-post-thumbnail","hentry"],"acf":{"page_intro":""},"_links":{"self":[{"href":"https:\/\/isfell.is\/en\/wp-json\/wp\/v2\/pages\/8418","targetHints":{"allow":["GET"]}}],"collection":[{"href":"https:\/\/isfell.is\/en\/wp-json\/wp\/v2\/pages"}],"about":[{"href":"https:\/\/isfell.is\/en\/wp-json\/wp\/v2\/types\/page"}],"author":[{"embeddable":true,"href":"https:\/\/isfell.is\/en\/wp-json\/wp\/v2\/users\/3"}],"replies":[{"embeddable":true,"href":"https:\/\/isfell.is\/en\/wp-json\/wp\/v2\/comments?post=8418"}],"version-history":[{"count":18,"href":"https:\/\/isfell.is\/en\/wp-json\/wp\/v2\/pages\/8418\/revisions"}],"predecessor-version":[{"id":12039,"href":"https:\/\/isfell.is\/en\/wp-json\/wp\/v2\/pages\/8418\/revisions\/12039"}],"wp:featuredmedia":[{"embeddable":true,"href":"https:\/\/isfell.is\/en\/wp-json\/wp\/v2\/media\/8196"}],"wp:attachment":[{"href":"https:\/\/isfell.is\/en\/wp-json\/wp\/v2\/media?parent=8418"}],"wp:term":[{"taxonomy":"svid","embeddable":true,"href":"https:\/\/isfell.is\/en\/wp-json\/wp\/v2\/svid?post=8418"}],"curies":[{"name":"wp","href":"https:\/\/api.w.org\/{rel}","templated":true}]}}