{"id":8394,"date":"2022-09-27T11:08:32","date_gmt":"2022-09-27T11:08:32","guid":{"rendered":"https:\/\/isfell.is\/policy-and-response-plan-against-bullying-sexual-and-gender-based-harrassment-and-violence-ekko\/"},"modified":"2023-11-01T15:06:59","modified_gmt":"2023-11-01T15:06:59","slug":"policy-and-response-plan-against-bullying-sexual-and-gender-based-harrassment-and-violence-ekko","status":"publish","type":"page","link":"https:\/\/isfell.is\/en\/organisation\/policies\/policy-and-response-plan-against-bullying-sexual-and-gender-based-harrassment-and-violence-ekko\/","title":{"rendered":"Policy and response plan against bullying, sexual and gender-based harrassment and violence (EKKO)."},"content":{"rendered":"\n<p>\u00cdsfell leggur \u00e1herslu \u00e1 g\u00f3\u00f0an starfsanda, \u00fear sem r\u00edkir traust, tr\u00fana\u00f0ur, jafnr\u00e6\u00f0i og hreinskilni milli allra starfsmanna. Starfsm\u00f6nnum ber a\u00f0 temja s\u00e9r kurteisi og h\u00e1ttv\u00edsi \u00ed framkomu og s\u00fdna hver \u00f6\u00f0rum tilhl\u00fd\u00f0ilega vir\u00f0ingu og j\u00e1kv\u00e6tt vi\u00f0m\u00f3t. Allir \u00e1 vinnusta\u00f0num \u00feurfa a\u00f0 leggja sitt af m\u00f6rkum til a\u00f0 fyrirbyggja neikv\u00e6\u00f0a heg\u00f0un og stu\u00f0la a\u00f0 g\u00f3\u00f0um samskiptum, starfs\u00e1n\u00e6gju og \u00f6ruggu umhverfi.  <\/p>\n\n<p>Bullying, sexual harassment, gender-based harassment and violence will under no circumstances be tolerated in the workplace. The individual&#8217;s experience is paramount of importance when discussing bullying and other undue behavior. Every victim must judge for him\/herself what conduct he\/she tolerates, from whom, and report if he\/she is offended.  <\/p>\n\n<p class=\"has-isfell-red-color has-text-color\"><strong>OBJECTIVE AND DEFINITIONS<\/strong><\/p>\n\n<p>The policy and response plan enforce the established legislation, Article 38 of Act No. 46\/1980 on Working Conditions, Health and Safety at Work, together with Regulation no. 1009\/2015 on measures against bullying, sexual harassment, gender-based harassment and violence in the workplace:  <\/p>\n\n<ul class=\"wp-block-list\">\n<li><strong>Bullying<\/strong><br\/>Recurring behavior that is likely to cause distress with the victim, such as belittling, insulting, hurting or threatening the person or causing them fear. Differences of opinion or disagreement over differing interests are not included here. <\/li>\n<\/ul>\n\n<ul class=\"wp-block-list\">\n<li><strong>Gender-based harassment<\/strong><br\/>Behavior related to the gender of the person affected is unwelcome to the person concerned. It has the purpose or effect of violating the dignity of the person concerned and creating a situation that is threatening, hostile, degrading, humiliating or offensive to that person.<\/li>\n<\/ul>\n\n<ul class=\"wp-block-list\">\n<li><strong>Sexual harassment <br\/><\/strong> Any sexual behaviour which is unwelcome to the victim. It has the purpose or effect of violating the dignity of the person concerned, in particular when the behaviour leads to threatening, hostile, degrading, humiliating or offensive situations. The behavior may be verbal, figurative and\/or physical. <\/li>\n<\/ul>\n\n<ul class=\"wp-block-list\">\n<li><strong>Violence<\/strong><\/li>\n<\/ul>\n\n<p>Any conduct which results in, or could lead to, physical or psychological harm or suffering to the victim, including the threat, coercion or arbitrary deprivation of liberty.<\/p>\n\n<p class=\"has-isfell-red-color has-text-color\"><strong>OBLIGATIONS OF EMPLOYERS<\/strong><\/p>\n\n<p>An employer is not permitted to bully an employee or employees in the workplace. An employer is also not permitted to sexually harass the employee or employees as well as on grounds of gender or use them violence in the workplace. <\/p>\n\n<p>The employer shall arrange working conditions at the workplace in accordance with a written plan for safety and health at work pursuant to Chapter II in such a way as to reduce the risk of situations likely to lead to bullying, sexual harassment, gender-based harassment or violence in the workplace.  <\/p>\n\n<p>The employer is obliged not to allow bullying, sexual harassment, gender-based harassment or violence in the workplace to take place in the workplace and shall make clear to employees that such behaviour is not permitted.<\/p>\n\n<p>In the course of proceedings, the employer shall exercise prudence and discretion in his actions with private interests of the employees concerned, inter alia, by not disclosing information on a case to unauthorized persons and ensuring that external parties who may be involved in the proceedings do the same.<\/p>\n\n<p class=\"has-isfell-red-color has-text-color\"><strong>OBLIGATIONS OF EMPLOYEES<\/strong><\/p>\n\n<p>Employees are not permitted to bully another employee or other employees, as well as the employer concerned in the workplace. Employees are also not permitted to sexually harass any other employee or other employee, as well as the employer concerned on grounds of gender or use them violence in the workplace. <\/p>\n\n<p class=\"has-isfell-red-color has-text-color\"><strong>ACTIONS<\/strong><\/p>\n\n<p>\u00cd\u00cdsfell will take action against employees who bully, harass or abuse others, e.g. by reprimand or dismissal. A professional specializing in such matters will be called upon to review the issue in question with the victims and the perpetrator. While a case is being processed, support will be provided from the psychologist to the victims and the perpetrator as needed. However, if an assessment of the circumstances leads to the absence or absence of bullying, harassment or violence in the workplace, action shall be taken to eliminate the circumstances complained of or pointed out, if the situation persists, as well as in order to prevent the situation from re-occurring.   <\/p>\n\n<p class=\"has-isfell-red-color has-text-color\"><strong>EXECUTION<\/strong><\/p>\n\n<p>The policy and response plan must be introduced to new employees at the beginning of work to prevent bullying, sexual harassment, gender-based harassment and violence. The policy and response plan are then reviewed regularly during staff meetings. <\/p>\n\n<p class=\"has-isfell-red-color has-text-color\"><strong>ADDITIONALLY<\/strong><\/p>\n\n<p>If an incident does not fall directly under EKKO, the victim or employee\/s who witnesses an incident shall always inform the relevant supervisor so that the appropriate and corrective action can be taken. If the supervisor is the perpetrator or not present at the point when an incident occurs, \u00cdsfell\u00b4s Safety Committee shall be informed of the matter. The Safety Committee is bound by an oath of confidentiality and will ensure the resolution of the matter.   <\/p>\n","protected":false},"excerpt":{"rendered":"<p>\u00cdsfell leggur \u00e1herslu \u00e1 g\u00f3\u00f0an starfsanda, \u00fear sem r\u00edkir traust, tr\u00fana\u00f0ur, jafnr\u00e6\u00f0i og hreinskilni milli allra starfsmanna. Starfsm\u00f6nnum ber a\u00f0 temja s\u00e9r kurteisi og h\u00e1ttv\u00edsi \u00ed framkomu og s\u00fdna hver \u00f6\u00f0rum tilhl\u00fd\u00f0ilega vir\u00f0ingu og j\u00e1kv\u00e6tt vi\u00f0m\u00f3t. Allir \u00e1 vinnusta\u00f0num \u00feurfa a\u00f0 leggja sitt af m\u00f6rkum til a\u00f0 fyrirbyggja neikv\u00e6\u00f0a heg\u00f0un og stu\u00f0la a\u00f0 g\u00f3\u00f0um samskiptum,&#8230;<\/p>\n","protected":false},"author":4,"featured_media":12678,"parent":8529,"menu_order":0,"comment_status":"closed","ping_status":"closed","template":"","meta":{"_acf_changed":false,"footnotes":""},"svid":[],"class_list":["post-8394","page","type-page","status-publish","has-post-thumbnail","hentry"],"acf":{"page_intro":""},"_links":{"self":[{"href":"https:\/\/isfell.is\/en\/wp-json\/wp\/v2\/pages\/8394","targetHints":{"allow":["GET"]}}],"collection":[{"href":"https:\/\/isfell.is\/en\/wp-json\/wp\/v2\/pages"}],"about":[{"href":"https:\/\/isfell.is\/en\/wp-json\/wp\/v2\/types\/page"}],"author":[{"embeddable":true,"href":"https:\/\/isfell.is\/en\/wp-json\/wp\/v2\/users\/4"}],"replies":[{"embeddable":true,"href":"https:\/\/isfell.is\/en\/wp-json\/wp\/v2\/comments?post=8394"}],"version-history":[{"count":4,"href":"https:\/\/isfell.is\/en\/wp-json\/wp\/v2\/pages\/8394\/revisions"}],"predecessor-version":[{"id":11088,"href":"https:\/\/isfell.is\/en\/wp-json\/wp\/v2\/pages\/8394\/revisions\/11088"}],"up":[{"embeddable":true,"href":"https:\/\/isfell.is\/en\/wp-json\/wp\/v2\/pages\/8529"}],"wp:featuredmedia":[{"embeddable":true,"href":"https:\/\/isfell.is\/en\/wp-json\/wp\/v2\/media\/12678"}],"wp:attachment":[{"href":"https:\/\/isfell.is\/en\/wp-json\/wp\/v2\/media?parent=8394"}],"wp:term":[{"taxonomy":"svid","embeddable":true,"href":"https:\/\/isfell.is\/en\/wp-json\/wp\/v2\/svid?post=8394"}],"curies":[{"name":"wp","href":"https:\/\/api.w.org\/{rel}","templated":true}]}}