{"id":8367,"date":"2022-05-11T13:30:50","date_gmt":"2022-05-11T13:30:50","guid":{"rendered":"https:\/\/isfell.is\/organisation\/"},"modified":"2025-07-18T11:42:02","modified_gmt":"2025-07-18T11:42:02","slug":"organisation","status":"publish","type":"page","link":"https:\/\/isfell.is\/en\/organisation\/","title":{"rendered":"Organisation"},"content":{"rendered":"\n<p>\u00cdsfell is a leading company in development, production and service of fishing gear. Also, the company specializes in aquaculture, hoisting and fall protection equipment. The company works according to the highest standards of quality and personal service.<\/p>\n\n\n\n<p>\u00cdsfell\u00b4s headquarters together with the main warehouse for all the company\u2019s offices in Iceland are at \u00d3seyrbraut 28 in Hafnarfj\u00f6r\u00f0ur, Iceland. The company operates 7 service and production units throughout the country, located at: Akureyri, Hafnarfj\u00f6r\u00f0ur, H\u00fasav\u00edk, \u00d3lafsfj\u00f6r\u00f0ur, Patreksfj\u00f6r\u00f0ur, Sau\u00f0\u00e1rkr\u00f3kur and Vestmannaeyjar.<\/p>\n\n\n\n<p>\u00cdsfell\u2019s services are characterized by outstanding employees with extensive experience and specialized knowledge, business reliability and sales of a range of fishing and aquaculture products, rescue products, binding products and various consumables.<\/p>\n\n\n\n<figure class=\"wp-block-embed is-type-video is-provider-youtube wp-block-embed-youtube wp-embed-aspect-16-9 wp-has-aspect-ratio\"><div class=\"wp-block-embed__wrapper\">\n<iframe loading=\"lazy\" title=\"\u00cdsfell - An Ocean of Knowledge\" width=\"640\" height=\"360\" src=\"https:\/\/www.youtube.com\/embed\/tF-iTxdMpF4?feature=oembed\" frameborder=\"0\" allow=\"accelerometer; autoplay; clipboard-write; encrypted-media; gyroscope; picture-in-picture; web-share\" referrerpolicy=\"strict-origin-when-cross-origin\" allowfullscreen><\/iframe>\n<\/div><\/figure>\n\n\n\n<p><\/p>\n\n\n<div class=\"isfell-subpagesblock\"><div class=\"isfell-subpagesblock__container\"><div class=\"isfell-subpagesblock__subpages\"><div class=\"isfell-subpagesblock__subpage wow fadeInUp\" data-wow-delay=\"0.1s\" style=\"background-image: url(https:\/\/isfell.is\/wp-content\/uploads\/2022\/09\/6L8A0042_1-scaled.jpg); background-position: center center; background-size: cover; background-repeat: no-repeat;\"><a href=\"https:\/\/isfell.is\/en\/organisation\/contacts\/\"><p class=\"go-to\">MORE<\/p><div class=\"layer\"><\/div><div class=\"isfell-subpagesblock__subpage__content\"><h4>Contacts<\/h4><\/div><\/a><\/div><div class=\"isfell-subpagesblock__subpage wow fadeInUp\" data-wow-delay=\"0.2s\" style=\"background-image: url(https:\/\/isfell.is\/wp-content\/uploads\/2022\/09\/6L8A9694-scaled.jpg); background-position: center center; background-size: cover; background-repeat: no-repeat;\"><a href=\"https:\/\/isfell.is\/en\/organisation\/isfells-history\/\"><p class=\"go-to\">MORE<\/p><div class=\"layer\"><\/div><div class=\"isfell-subpagesblock__subpage__content\"><h4>History<\/h4><\/div><\/a><\/div><div class=\"isfell-subpagesblock__subpage wow fadeInUp\" data-wow-delay=\"0.3s\" style=\"background-image: url(https:\/\/isfell.is\/wp-content\/uploads\/2022\/11\/Isfell_Cover.jpg); background-position: center center; background-size: cover; background-repeat: no-repeat;\"><a href=\"https:\/\/isfell.is\/en\/organisation\/termsandcondition\/\"><p class=\"go-to\">MORE<\/p><div class=\"layer\"><\/div><div class=\"isfell-subpagesblock__subpage__content\"><h4>\u00cdsfell\u00b4s sales terms and conditions<\/h4><\/div><\/a><\/div><div class=\"isfell-subpagesblock__subpage wow fadeInUp\" data-wow-delay=\"0.4s\" style=\"background-image: url(https:\/\/isfell.is\/wp-content\/uploads\/2022\/10\/Front-page-web.jpg); background-position: center center; background-size: cover; background-repeat: no-repeat;\"><a href=\"https:\/\/isfell.is\/en\/organisation\/logo\/\"><p class=\"go-to\">MORE<\/p><div class=\"layer\"><\/div><div class=\"isfell-subpagesblock__subpage__content\"><h4>Logo<\/h4><\/div><\/a><\/div><div class=\"isfell-subpagesblock__subpage wow fadeInUp\" data-wow-delay=\"0.5s\" style=\"background-image: url(https:\/\/isfell.is\/wp-content\/uploads\/2025\/10\/Stefnur.jpg); background-position: center center; background-size: cover; background-repeat: no-repeat;\"><a href=\"https:\/\/isfell.is\/en\/organisation\/policies\/\"><p class=\"go-to\">MORE<\/p><div class=\"layer\"><\/div><div class=\"isfell-subpagesblock__subpage__content\"><h4>Policies<\/h4><\/div><\/a><\/div><div class=\"isfell-subpagesblock__subpage wow fadeInUp\" data-wow-delay=\"0.6s\" style=\"background-image: url(https:\/\/isfell.is\/wp-content\/uploads\/2022\/10\/6L8A0249-scaled.jpg); background-position: center center; background-size: cover; background-repeat: no-repeat;\"><a href=\"https:\/\/isfell.is\/en\/organisation\/values\/\"><p class=\"go-to\">MORE<\/p><div class=\"layer\"><\/div><div class=\"isfell-subpagesblock__subpage__content\"><h4>Values<\/h4><\/div><\/a><\/div><\/div><\/div><\/div>","protected":false},"excerpt":{"rendered":"<p>\u00cdsfell is a leading company in development, production and service of fishing gear. Also, the company specializes in aquaculture, hoisting and fall protection equipment. The company works according to the highest standards of quality and personal service. \u00cdsfell\u00b4s headquarters together with the main warehouse for all the company\u2019s offices in Iceland are at \u00d3seyrbraut 28&#8230;<\/p>\n","protected":false},"author":4,"featured_media":6062,"parent":0,"menu_order":0,"comment_status":"closed","ping_status":"closed","template":"template-about.php","meta":{"_acf_changed":false,"footnotes":""},"svid":[],"class_list":["post-8367","page","type-page","status-publish","has-post-thumbnail","hentry"],"acf":{"page_intro":""},"_links":{"self":[{"href":"https:\/\/isfell.is\/en\/wp-json\/wp\/v2\/pages\/8367","targetHints":{"allow":["GET"]}}],"collection":[{"href":"https:\/\/isfell.is\/en\/wp-json\/wp\/v2\/pages"}],"about":[{"href":"https:\/\/isfell.is\/en\/wp-json\/wp\/v2\/types\/page"}],"author":[{"embeddable":true,"href":"https:\/\/isfell.is\/en\/wp-json\/wp\/v2\/users\/4"}],"replies":[{"embeddable":true,"href":"https:\/\/isfell.is\/en\/wp-json\/wp\/v2\/comments?post=8367"}],"version-history":[{"count":14,"href":"https:\/\/isfell.is\/en\/wp-json\/wp\/v2\/pages\/8367\/revisions"}],"predecessor-version":[{"id":12546,"href":"https:\/\/isfell.is\/en\/wp-json\/wp\/v2\/pages\/8367\/revisions\/12546"}],"wp:featuredmedia":[{"embeddable":true,"href":"https:\/\/isfell.is\/en\/wp-json\/wp\/v2\/media\/6062"}],"wp:attachment":[{"href":"https:\/\/isfell.is\/en\/wp-json\/wp\/v2\/media?parent=8367"}],"wp:term":[{"taxonomy":"svid","embeddable":true,"href":"https:\/\/isfell.is\/en\/wp-json\/wp\/v2\/svid?post=8367"}],"curies":[{"name":"wp","href":"https:\/\/api.w.org\/{rel}","templated":true}]}}