{"id":8340,"date":"2022-05-04T14:57:04","date_gmt":"2022-05-04T14:57:04","guid":{"rendered":"https:\/\/isfell.is\/isfell-seastar\/"},"modified":"2023-01-11T13:10:07","modified_gmt":"2023-01-11T13:10:07","slug":"isfell-seastar","status":"publish","type":"page","link":"https:\/\/isfell.is\/en\/bottom-trawls\/isfell-seastar\/","title":{"rendered":"\u00cdsfell Seastar"},"content":{"rendered":"\n<p>\u00cdsfell Seastar is trailer-made to suit the individual needs of our customers. Hermun vei\u00f0arf\u00e6rana \u00ed saml\u00edki er mikilv\u00e6gur \u00fe\u00e1ttur \u00ed \u00fer\u00f3un. Efnisval er mikilv\u00e6gur \u00fe\u00e1ttur \u00ed h\u00f6nnun og er \u00ed bo\u00f0i n\u00fd kynsl\u00f3\u00f0 af Compact PE og Dyneema neti. Neti\u00f0 er hanna\u00f0 me\u00f0 s\u00e9rstakri \u00e1herslu \u00e1 auki\u00f0 n\u00fanings\u00feol og aukinn slitstyrk. Eftir \u00fev\u00ed sem slitstyrkur trollefnis eykst aukast m\u00f6guleikar \u00e1 \u00fev\u00ed a\u00f0 nota grennra efni. What makes \u00cdsfell Seastar unique is that it is a four seam trawl. \u00cdsfell Seastar is a great choice for fishing whitefish.      <\/p>\n\n<p class=\"has-isfell-red-color has-text-color has-large-font-size\"><strong>Flume Tank &#8211; Sintef Hirtshals<\/strong> <strong>&#8211; Seastar 424<\/strong><\/p>\n\n<figure class=\"wp-block-embed is-type-video is-provider-youtube wp-block-embed-youtube wp-embed-aspect-16-9 wp-has-aspect-ratio\"><div class=\"wp-block-embed__wrapper\">\n<iframe loading=\"lazy\" title=\"\u00cdsfell Seastar 424\" width=\"640\" height=\"360\" src=\"https:\/\/www.youtube.com\/embed\/mHupQMzMuMY?feature=oembed\" frameborder=\"0\" allow=\"accelerometer; autoplay; clipboard-write; encrypted-media; gyroscope; picture-in-picture; web-share\" referrerpolicy=\"strict-origin-when-cross-origin\" allowfullscreen><\/iframe>\n<\/div><\/figure>\n\n<p class=\"has-isfell-red-color has-text-color has-large-font-size\"><strong>Simulation<\/strong> <strong>in Iframer<\/strong> <strong>&#8211; Seastar 424<\/strong><\/p>\n\n<div class=\"wp-block-columns is-layout-flex wp-container-core-columns-is-layout-9d6595d7 wp-block-columns-is-layout-flex\">\n<div class=\"wp-block-column is-layout-flow wp-block-column-is-layout-flow\">\n<figure class=\"wp-block-image size-large\"><img loading=\"lazy\" decoding=\"async\" width=\"1280\" height=\"471\" src=\"https:\/\/isfell.is\/wp-content\/uploads\/2023\/01\/Seastar424-1-1280x471.png\" alt=\"\" class=\"wp-image-5875\" srcset=\"https:\/\/isfell.is\/wp-content\/uploads\/2023\/01\/Seastar424-1-1280x471.png 1280w, https:\/\/isfell.is\/wp-content\/uploads\/2023\/01\/Seastar424-1-600x221.png 600w, https:\/\/isfell.is\/wp-content\/uploads\/2023\/01\/Seastar424-1-768x283.png 768w, https:\/\/isfell.is\/wp-content\/uploads\/2023\/01\/Seastar424-1-1536x565.png 1536w, https:\/\/isfell.is\/wp-content\/uploads\/2023\/01\/Seastar424-1.png 1913w\" sizes=\"auto, (max-width: 1280px) 100vw, 1280px\" \/><figcaption class=\"wp-element-caption\">\u00cdsfell Seastar 424<\/figcaption><\/figure>\n<\/div>\n<\/div>\n\n<figure class=\"wp-block-image size-large\"><img loading=\"lazy\" decoding=\"async\" width=\"1280\" height=\"768\" src=\"https:\/\/isfell.is\/wp-content\/uploads\/2023\/01\/Seastar-424-1280x768.png\" alt=\"\" class=\"wp-image-5876\" srcset=\"https:\/\/isfell.is\/wp-content\/uploads\/2023\/01\/Seastar-424-1280x768.png 1280w, https:\/\/isfell.is\/wp-content\/uploads\/2023\/01\/Seastar-424-600x360.png 600w, https:\/\/isfell.is\/wp-content\/uploads\/2023\/01\/Seastar-424-768x461.png 768w, https:\/\/isfell.is\/wp-content\/uploads\/2023\/01\/Seastar-424.png 1372w\" sizes=\"auto, (max-width: 1280px) 100vw, 1280px\" \/><figcaption class=\"wp-element-caption\">\u00cdsfell Seastar 424<\/figcaption><\/figure>\n","protected":false},"excerpt":{"rendered":"<p>\u00cdsfell Seastar is trailer-made to suit the individual needs of our customers. Hermun vei\u00f0arf\u00e6rana \u00ed saml\u00edki er mikilv\u00e6gur \u00fe\u00e1ttur \u00ed \u00fer\u00f3un. Efnisval er mikilv\u00e6gur \u00fe\u00e1ttur \u00ed h\u00f6nnun og er \u00ed bo\u00f0i n\u00fd kynsl\u00f3\u00f0 af Compact PE og Dyneema neti. Neti\u00f0 er hanna\u00f0 me\u00f0 s\u00e9rstakri \u00e1herslu \u00e1 auki\u00f0 n\u00fanings\u00feol og aukinn slitstyrk. Eftir \u00fev\u00ed sem slitstyrkur&#8230;<\/p>\n","protected":false},"author":3,"featured_media":8047,"parent":8492,"menu_order":0,"comment_status":"closed","ping_status":"closed","template":"","meta":{"_acf_changed":false,"footnotes":""},"svid":[],"class_list":["post-8340","page","type-page","status-publish","has-post-thumbnail","hentry"],"acf":{"page_intro":""},"_links":{"self":[{"href":"https:\/\/isfell.is\/en\/wp-json\/wp\/v2\/pages\/8340","targetHints":{"allow":["GET"]}}],"collection":[{"href":"https:\/\/isfell.is\/en\/wp-json\/wp\/v2\/pages"}],"about":[{"href":"https:\/\/isfell.is\/en\/wp-json\/wp\/v2\/types\/page"}],"author":[{"embeddable":true,"href":"https:\/\/isfell.is\/en\/wp-json\/wp\/v2\/users\/3"}],"replies":[{"embeddable":true,"href":"https:\/\/isfell.is\/en\/wp-json\/wp\/v2\/comments?post=8340"}],"version-history":[{"count":1,"href":"https:\/\/isfell.is\/en\/wp-json\/wp\/v2\/pages\/8340\/revisions"}],"predecessor-version":[{"id":8341,"href":"https:\/\/isfell.is\/en\/wp-json\/wp\/v2\/pages\/8340\/revisions\/8341"}],"up":[{"embeddable":true,"href":"https:\/\/isfell.is\/en\/wp-json\/wp\/v2\/pages\/8492"}],"wp:featuredmedia":[{"embeddable":true,"href":"https:\/\/isfell.is\/en\/wp-json\/wp\/v2\/media\/8047"}],"wp:attachment":[{"href":"https:\/\/isfell.is\/en\/wp-json\/wp\/v2\/media?parent=8340"}],"wp:term":[{"taxonomy":"svid","embeddable":true,"href":"https:\/\/isfell.is\/en\/wp-json\/wp\/v2\/svid?post=8340"}],"curies":[{"name":"wp","href":"https:\/\/api.w.org\/{rel}","templated":true}]}}